{"id":25,"date":"2021-12-02T16:50:37","date_gmt":"2021-12-02T16:50:37","guid":{"rendered":"http:\/\/almar.site\/electrocarros\/?page_id=25"},"modified":"2022-01-30T06:56:25","modified_gmt":"2022-01-30T06:56:25","slug":"club-car","status":"publish","type":"page","link":"https:\/\/electrocarrosdemexico.com\/index.php\/club-car\/","title":{"rendered":"Club Car"},"content":{"rendered":"<p>[et_pb_section fb_built=&#8221;1&#8243; fullwidth=&#8221;on&#8221; _builder_version=&#8221;4.14.2&#8243; _module_preset=&#8221;default&#8221; locked=&#8221;off&#8221; global_colors_info=&#8221;{}&#8221;][et_pb_fullwidth_header title=&#8221;Club Car&#8221; subhead=&#8221;Club Car te ofrece calidad de lujo y versatilidad en sus productos, desde dise\u00f1os din\u00e1micos y materiales especiales, no puedes equivocarte al elegir uno de estos carritos.M\u00e1s all\u00e1 de ser los distribuidores oficiales de Club Car en todo Sonora, te recomendamos ampliamente considerar hacerlo 100% tuyo con nuestros servicios de personalizaci\u00f3n y as\u00ed estar listo para salir al campo de golf.&#8221; text_orientation=&#8221;center&#8221; background_overlay_color=&#8221;rgba(10,1,1,0.5)&#8221; _builder_version=&#8221;4.14.5&#8243; _module_preset=&#8221;default&#8221; title_font=&#8221;Ubuntu|700|||||||&#8221; title_text_align=&#8221;center&#8221; title_font_size=&#8221;65px&#8221; subhead_text_align=&#8221;center&#8221; background_color=&#8221;RGBA(255,255,255,0)&#8221; background_image=&#8221;http:\/\/electrocarrosdemexico.com\/wp-content\/uploads\/2021\/12\/rojo5down72.jpg&#8221; parallax=&#8221;on&#8221; parallax_method=&#8221;on&#8221; module_alignment=&#8221;center&#8221; min_height=&#8221;350px&#8221; min_height_tablet=&#8221;350px&#8221; min_height_phone=&#8221;350px&#8221; min_height_last_edited=&#8221;on|phone&#8221; height_tablet=&#8221;&#8221; height_phone=&#8221;527px&#8221; height_last_edited=&#8221;on|phone&#8221; custom_margin=&#8221;||||false|false&#8221; custom_padding=&#8221;90px||||false|false&#8221; title_font_size_tablet=&#8221;65px&#8221; title_font_size_phone=&#8221;50px&#8221; title_font_size_last_edited=&#8221;on|phone&#8221; title_text_shadow_style=&#8221;preset2&#8243; box_shadow_style=&#8221;preset2&#8243; text_shadow_style=&#8221;preset2&#8243; global_colors_info=&#8221;{}&#8221;][\/et_pb_fullwidth_header][\/et_pb_section][et_pb_section fb_built=&#8221;1&#8243; _builder_version=&#8221;4.14.5&#8243; _module_preset=&#8221;default&#8221; custom_margin=&#8221;0px||||false|false&#8221; custom_padding=&#8221;0px||||false|false&#8221; global_colors_info=&#8221;{}&#8221;][et_pb_row _builder_version=&#8221;4.14.2&#8243; _module_preset=&#8221;default&#8221; custom_margin=&#8221;30px||||false|false&#8221; locked=&#8221;off&#8221; global_colors_info=&#8221;{}&#8221;][et_pb_column type=&#8221;4_4&#8243; _builder_version=&#8221;4.14.2&#8243; _module_preset=&#8221;default&#8221; global_colors_info=&#8221;{}&#8221;][et_pb_text _builder_version=&#8221;4.14.5&#8243; _module_preset=&#8221;default&#8221; global_colors_info=&#8221;{}&#8221;]<\/p>\n<p>Modelos disponibles:<\/p>\n<p>[\/et_pb_text][et_pb_filterable_portfolio fullwidth=&#8221;off&#8221; posts_number=&#8221;100&#8243; include_categories=&#8221;11&#8243; show_categories=&#8221;off&#8221; show_pagination=&#8221;off&#8221; zoom_icon_color=&#8221;#000000&#8243; hover_icon=&#8221;&#xf450;||fa||900&#8243; module_class=&#8221;lwp-disable-link&#8221; _builder_version=&#8221;4.14.5&#8243; _module_preset=&#8221;default&#8221; title_level=&#8221;h4&#8243; title_text_color=&#8221;gcid-4a6c4cbf-8d09-44e5-97b5-da4c9cd6fe4b&#8221; title_font_size=&#8221;15px&#8221; title_line_height=&#8221;1.8em&#8221; filter_font_size=&#8221;12px&#8221; background_color=&#8221;#f4f4f4&#8243; text_orientation=&#8221;center&#8221; custom_padding=&#8221;20px|20px|20px|20px|true|true&#8221; custom_css_portfolio_filters=&#8221;display: none;&#8221; border_radii_image=&#8221;on|15px|15px|15px|15px&#8221; global_colors_info=&#8221;{%22gcid-4a6c4cbf-8d09-44e5-97b5-da4c9cd6fe4b%22:%91%22title_text_color%22%93}&#8221;][\/et_pb_filterable_portfolio][\/et_pb_column][\/et_pb_row][et_pb_row _builder_version=&#8221;4.14.2&#8243; _module_preset=&#8221;default&#8221; saved_tabs=&#8221;all&#8221; global_colors_info=&#8221;{}&#8221; global_module=&#8221;602&#8243; theme_builder_area=&#8221;post_content&#8221;][et_pb_column type=&#8221;4_4&#8243; _builder_version=&#8221;4.14.2&#8243; _module_preset=&#8221;default&#8221; global_colors_info=&#8221;{}&#8221; theme_builder_area=&#8221;post_content&#8221;][dsm_card_carousel slide_to_show=&#8221;4&#8243; speed=&#8221;1563&#8243; space_between=&#8221;22&#8243; equal_height=&#8221;on&#8221; dots=&#8221;off&#8221; badge_position=&#8221;bottom_left&#8221; badge_background_color=&#8221;rgba(0,0,0,0.5)&#8221; badge_padding=&#8221;7px||7px||false|true&#8221; _builder_version=&#8221;4.14.5&#8243; _module_preset=&#8221;default&#8221; badge_font=&#8221;Ubuntu|700|on||||||&#8221; badge_text_align=&#8221;left&#8221; badge_text_color=&#8221;#ffffff&#8221; badge_font_size=&#8221;20px&#8221; min_height=&#8221;278px&#8221; custom_margin=&#8221;||||false|false&#8221; custom_padding=&#8221;||||false|false&#8221; border_radii_badge=&#8221;on|25px|25px|25px|25px&#8221; locked=&#8221;off&#8221; global_colors_info=&#8221;{}&#8221; theme_builder_area=&#8221;post_content&#8221;][dsm_card_carousel_child image=&#8221;http:\/\/electrocarrosdemexico.com\/wp-content\/uploads\/2022\/01\/Onward-by-Club-Car-2-e1641556931401.jpg&#8221; image_background_animation=&#8221;zoom_in&#8221; badge_text=&#8221;Club Car&#8221; alt=&#8221;electrocarros de mexico carros de golf club car&#8221; _builder_version=&#8221;4.14.5&#8243; _dynamic_attributes=&#8221;link_option_url&#8221; _module_preset=&#8221;default&#8221; link_option_url=&#8221;@ET-DC@eyJkeW5hbWljIjp0cnVlLCJjb250ZW50IjoicG9zdF9saW5rX3VybF9wYWdlIiwic2V0dGluZ3MiOnsicG9zdF9pZCI6IjI1In19@&#8221; border_radii_image=&#8221;on|14px|14px|14px|14px&#8221; global_colors_info=&#8221;{}&#8221; theme_builder_area=&#8221;post_content&#8221; parent_button=&#8221;off&#8221;][\/dsm_card_carousel_child][dsm_card_carousel_child image=&#8221;http:\/\/electrocarrosdemexico.com\/wp-content\/uploads\/2022\/01\/Forester-6-Plus-by-Evolution-1-e1641552570479.jpeg&#8221; image_background_animation=&#8221;zoom_in&#8221; badge_text=&#8221;EVolution&#8221; _builder_version=&#8221;4.14.5&#8243; _dynamic_attributes=&#8221;link_option_url&#8221; _module_preset=&#8221;default&#8221; link_option_url=&#8221;@ET-DC@eyJkeW5hbWljIjp0cnVlLCJjb250ZW50IjoicG9zdF9saW5rX3VybF9wYWdlIiwic2V0dGluZ3MiOnsicG9zdF9pZCI6Ijk1NSJ9fQ==@&#8221; border_radii_image=&#8221;on|14px|14px|14px|14px&#8221; global_colors_info=&#8221;{}&#8221; theme_builder_area=&#8221;post_content&#8221; parent_button=&#8221;off&#8221;][\/dsm_card_carousel_child][dsm_card_carousel_child image=&#8221;http:\/\/electrocarrosdemexico.com\/wp-content\/uploads\/2022\/01\/E-merge-SS-by-Tomberlin1-e1641552654341.jpeg&#8221; image_background_animation=&#8221;zoom_in&#8221; badge_text=&#8221;Tomberlin&#8221; _builder_version=&#8221;4.14.5&#8243; _dynamic_attributes=&#8221;link_option_url&#8221; _module_preset=&#8221;default&#8221; link_option_url=&#8221;@ET-DC@eyJkeW5hbWljIjp0cnVlLCJjb250ZW50IjoicG9zdF9saW5rX3VybF9wYWdlIiwic2V0dGluZ3MiOnsicG9zdF9pZCI6Ijk4NiJ9fQ==@&#8221; border_radii_image=&#8221;on|14px|14px|14px|14px&#8221; global_colors_info=&#8221;{}&#8221; theme_builder_area=&#8221;post_content&#8221; parent_button=&#8221;off&#8221;][\/dsm_card_carousel_child][dsm_card_carousel_child image=&#8221;http:\/\/electrocarrosdemexico.com\/wp-content\/uploads\/2022\/01\/journeymen-by-columbia-1-e1641552948157.jpeg&#8221; image_background_animation=&#8221;zoom_in&#8221; badge_text=&#8221;Columbia&#8221; _builder_version=&#8221;4.14.5&#8243; _dynamic_attributes=&#8221;link_option_url&#8221; _module_preset=&#8221;default&#8221; link_option_url=&#8221;@ET-DC@eyJkeW5hbWljIjp0cnVlLCJjb250ZW50IjoicG9zdF9saW5rX3VybF9wYWdlIiwic2V0dGluZ3MiOnsicG9zdF9pZCI6IjEwMDUifX0=@&#8221; border_radii_image=&#8221;on|14px|14px|14px|14px&#8221; global_colors_info=&#8221;{}&#8221; theme_builder_area=&#8221;post_content&#8221; parent_button=&#8221;off&#8221;][\/dsm_card_carousel_child][\/dsm_card_carousel][et_pb_button button_text=&#8221;Solicita tu cat\u00e1logo&#8221; _builder_version=&#8221;4.14.5&#8243; _module_preset=&#8221;default&#8221; theme_builder_area=&#8221;post_content&#8221; button_url=&#8221;@ET-DC@eyJkeW5hbWljIjp0cnVlLCJjb250ZW50IjoicG9zdF9saW5rX3VybF9wYWdlIiwic2V0dGluZ3MiOnsicG9zdF9pZCI6IjEzNDEifX0=@&#8221; _dynamic_attributes=&#8221;button_url&#8221; hover_enabled=&#8221;0&#8243; sticky_enabled=&#8221;0&#8243; button_alignment=&#8221;center&#8221;][\/et_pb_button][dsm_button _builder_version=&#8221;4.14.5&#8243; _module_preset=&#8221;default&#8221; theme_builder_area=&#8221;post_content&#8221; hover_enabled=&#8221;0&#8243; sticky_enabled=&#8221;0&#8243;][\/dsm_button][\/et_pb_column][\/et_pb_row][\/et_pb_section]<\/p>\n","protected":false},"excerpt":{"rendered":"<p>Modelos disponibles:<div class=\"et_pb_module dsm_card_carousel dsm_card_carousel_0 dsm_card_carousel_layout_stacked  dsm_card_carousel_equal_height dsm_card_carousel_arrow_outside dsm_card_carousel_arrow_mobile_inside\">\n\t\t\t\t\n\t\t\t\t\n\t\t\t\t\n\t\t\t\t\n\t\t\t\t<div class=\"et_pb_module_inner\">\n\t\t\t\t\t\n\t\t\t\n\t\t\t<div class=\"swiper-container dsm_card_carousel_wrapper\" dir=\"ltr\" data-params=[{\"effect\":\"default\",\"slider_effect_shadows\":false,\"slider_effect_coverflow_rotate\":\"30\",\"slider_effect_coverflow_depth\":\"0\",\"loop\":true,\"slide_to_show\":\"4\",\"slide_to_show_tablet\":\"1\",\"slide_to_show_phone\":\"1\",\"slide_to_scroll\":\"1\",\"slide_to_scroll_tablet\":\"1\",\"slide_to_scroll_phone\":\"1\",\"space_between\":\"22\",\"space_between_tablet\":\"22\",\"space_between_phone\":\"22\",\"centered_slides\":false,\"slide_row\":\"1\",\"speed\":\"1563\",\"autoplay\":true,\"autoplay_speed\":\"3000\",\"touch_move\":true,\"grab\":true,\"pause_on_hover\":false,\"auto_height\":false}]>\n\t\t\t<div class=\"swiper-wrapper\"><\/div>\n\t\t\t<\/div><div class=\"swiper-button-prev dsm_card_carousel_arrow\" data-icon=\"4\"><\/div><div class=\"swiper-button-next dsm_card_carousel_arrow\" data-icon=\"5\"><\/div><div class=\"swiper-pagination dsm_card_carousel_pagination\"><\/div>\n\t\t\t\t<\/div>\n\t\t\t<\/div><div class=\"dsm_card_carousel_child dsm_card_carousel_child_0 dsm_card_carousel_child_image_animation dsm_card_carousel_child_image_animation_zoom_in swiper-slide\">\n\t\t\t\t\n\t\t\t\t\n\t\t\t\t\n\t\t\t\t\n\t\t\t\t<div class=\"et_pb_module_inner\">\n\t\t\t\t\t\n\t\t\t\n\t\t\t<figure class=\"dsm_card_carousel_child_image_wrapper dsm_card_carousel_child_badge_bottom_left\"><div class=\"dsm_card_carousel_child_image_background dsm_card_carousel_child_img\"><\/div><div class=\"dsm_card_carousel_child_badge_text\">Club Car<\/div><\/figure>\n\t\t\t\n\t\t\t\t<\/div>\n\t\t\t<\/div><div class=\"dsm_card_carousel_child dsm_card_carousel_child_1 dsm_card_carousel_child_image_animation dsm_card_carousel_child_image_animation_zoom_in swiper-slide\">\n\t\t\t\t\n\t\t\t\t\n\t\t\t\t\n\t\t\t\t\n\t\t\t\t<div class=\"et_pb_module_inner\">\n\t\t\t\t\t\n\t\t\t\n\t\t\t<figure class=\"dsm_card_carousel_child_image_wrapper dsm_card_carousel_child_badge_bottom_left\"><div class=\"dsm_card_carousel_child_image_background dsm_card_carousel_child_img\"><\/div><div class=\"dsm_card_carousel_child_badge_text\">EVolution<\/div><\/figure>\n\t\t\t\n\t\t\t\t<\/div>\n\t\t\t<\/div><div class=\"dsm_card_carousel_child dsm_card_carousel_child_2 swiper-slide\">\n\t\t\t\t\n\t\t\t\t\n\t\t\t\t\n\t\t\t\t\n\t\t\t\t<div class=\"et_pb_module_inner\">\n\t\t\t\t\t\n\t\t\t\n\t\t\t<figure class=\"dsm_card_carousel_child_image_wrapper dsm_card_carousel_child_badge_bottom_left\"><div class=\"dsm_card_carousel_child_image_background dsm_card_carousel_child_img\"><\/div><\/figure>\n\t\t\t\n\t\t\t\t<\/div>\n\t\t\t<\/div><\/p>\n","protected":false},"author":1,"featured_media":0,"parent":0,"menu_order":0,"comment_status":"closed","ping_status":"closed","template":"","meta":{"_et_pb_use_builder":"on","_et_pb_old_content":"<!-- wp:divi\/placeholder \/-->","_et_gb_content_width":"","footnotes":""},"class_list":["post-25","page","type-page","status-publish","hentry"],"yoast_head":"<!-- This site is optimized with the Yoast SEO plugin v22.1 - https:\/\/yoast.com\/wordpress\/plugins\/seo\/ -->\n<title>Club Car - Electrocarros de M\u00e9xico<\/title>\n<meta name=\"robots\" content=\"index, follow, max-snippet:-1, max-image-preview:large, max-video-preview:-1\" \/>\n<link rel=\"canonical\" href=\"https:\/\/electrocarrosdemexico.com\/index.php\/club-car\/\" \/>\n<meta property=\"og:locale\" content=\"en_US\" \/>\n<meta property=\"og:type\" content=\"article\" \/>\n<meta property=\"og:title\" content=\"Club Car - Electrocarros de M\u00e9xico\" \/>\n<meta property=\"og:description\" content=\"Modelos disponibles:\" \/>\n<meta property=\"og:url\" content=\"https:\/\/electrocarrosdemexico.com\/index.php\/club-car\/\" \/>\n<meta property=\"og:site_name\" content=\"Electrocarros de M\u00e9xico\" \/>\n<meta property=\"article:publisher\" content=\"https:\/\/www.facebook.com\/profile.php?id=100063831571833\" \/>\n<meta property=\"article:modified_time\" content=\"2022-01-30T06:56:25+00:00\" \/>\n<meta name=\"twitter:card\" content=\"summary_large_image\" \/>\n<meta name=\"twitter:label1\" content=\"Est. reading time\" \/>\n\t<meta name=\"twitter:data1\" content=\"5 minutes\" \/>\n<script type=\"application\/ld+json\" class=\"yoast-schema-graph\">{\"@context\":\"https:\/\/schema.org\",\"@graph\":[{\"@type\":\"WebPage\",\"@id\":\"https:\/\/electrocarrosdemexico.com\/index.php\/club-car\/\",\"url\":\"https:\/\/electrocarrosdemexico.com\/index.php\/club-car\/\",\"name\":\"Club Car - Electrocarros de M\u00e9xico\",\"isPartOf\":{\"@id\":\"https:\/\/electrocarrosdemexico.com\/#website\"},\"datePublished\":\"2021-12-02T16:50:37+00:00\",\"dateModified\":\"2022-01-30T06:56:25+00:00\",\"breadcrumb\":{\"@id\":\"https:\/\/electrocarrosdemexico.com\/index.php\/club-car\/#breadcrumb\"},\"inLanguage\":\"en-US\",\"potentialAction\":[{\"@type\":\"ReadAction\",\"target\":[\"https:\/\/electrocarrosdemexico.com\/index.php\/club-car\/\"]}]},{\"@type\":\"BreadcrumbList\",\"@id\":\"https:\/\/electrocarrosdemexico.com\/index.php\/club-car\/#breadcrumb\",\"itemListElement\":[{\"@type\":\"ListItem\",\"position\":1,\"name\":\"Home\",\"item\":\"https:\/\/electrocarrosdemexico.com\/\"},{\"@type\":\"ListItem\",\"position\":2,\"name\":\"Club Car\"}]},{\"@type\":\"WebSite\",\"@id\":\"https:\/\/electrocarrosdemexico.com\/#website\",\"url\":\"https:\/\/electrocarrosdemexico.com\/\",\"name\":\"Electrocarros de M\u00e9xico\",\"description\":\"Carritos de Golf para todo tipo de aplicaciones\",\"publisher\":{\"@id\":\"https:\/\/electrocarrosdemexico.com\/#organization\"},\"potentialAction\":[{\"@type\":\"SearchAction\",\"target\":{\"@type\":\"EntryPoint\",\"urlTemplate\":\"https:\/\/electrocarrosdemexico.com\/?s={search_term_string}\"},\"query-input\":\"required name=search_term_string\"}],\"inLanguage\":\"en-US\"},{\"@type\":\"Organization\",\"@id\":\"https:\/\/electrocarrosdemexico.com\/#organization\",\"name\":\"Electrocarros de M\u00e9xico\",\"url\":\"https:\/\/electrocarrosdemexico.com\/\",\"logo\":{\"@type\":\"ImageObject\",\"inLanguage\":\"en-US\",\"@id\":\"https:\/\/electrocarrosdemexico.com\/#\/schema\/logo\/image\/\",\"url\":\"https:\/\/electrocarrosdemexico.com\/wp-content\/uploads\/2021\/12\/LogoElectroCarrosBgr.png\",\"contentUrl\":\"https:\/\/electrocarrosdemexico.com\/wp-content\/uploads\/2021\/12\/LogoElectroCarrosBgr.png\",\"width\":180,\"height\":177,\"caption\":\"Electrocarros de M\u00e9xico\"},\"image\":{\"@id\":\"https:\/\/electrocarrosdemexico.com\/#\/schema\/logo\/image\/\"},\"sameAs\":[\"https:\/\/www.facebook.com\/profile.php?id=100063831571833\",\"https:\/\/www.instagram.com\/electrocarrosdemexico\/\"]}]}<\/script>\n<!-- \/ Yoast SEO plugin. -->","yoast_head_json":{"title":"Club Car - Electrocarros de M\u00e9xico","robots":{"index":"index","follow":"follow","max-snippet":"max-snippet:-1","max-image-preview":"max-image-preview:large","max-video-preview":"max-video-preview:-1"},"canonical":"https:\/\/electrocarrosdemexico.com\/index.php\/club-car\/","og_locale":"en_US","og_type":"article","og_title":"Club Car - Electrocarros de M\u00e9xico","og_description":"Modelos disponibles:","og_url":"https:\/\/electrocarrosdemexico.com\/index.php\/club-car\/","og_site_name":"Electrocarros de M\u00e9xico","article_publisher":"https:\/\/www.facebook.com\/profile.php?id=100063831571833","article_modified_time":"2022-01-30T06:56:25+00:00","twitter_card":"summary_large_image","twitter_misc":{"Est. reading time":"5 minutes"},"schema":{"@context":"https:\/\/schema.org","@graph":[{"@type":"WebPage","@id":"https:\/\/electrocarrosdemexico.com\/index.php\/club-car\/","url":"https:\/\/electrocarrosdemexico.com\/index.php\/club-car\/","name":"Club Car - Electrocarros de M\u00e9xico","isPartOf":{"@id":"https:\/\/electrocarrosdemexico.com\/#website"},"datePublished":"2021-12-02T16:50:37+00:00","dateModified":"2022-01-30T06:56:25+00:00","breadcrumb":{"@id":"https:\/\/electrocarrosdemexico.com\/index.php\/club-car\/#breadcrumb"},"inLanguage":"en-US","potentialAction":[{"@type":"ReadAction","target":["https:\/\/electrocarrosdemexico.com\/index.php\/club-car\/"]}]},{"@type":"BreadcrumbList","@id":"https:\/\/electrocarrosdemexico.com\/index.php\/club-car\/#breadcrumb","itemListElement":[{"@type":"ListItem","position":1,"name":"Home","item":"https:\/\/electrocarrosdemexico.com\/"},{"@type":"ListItem","position":2,"name":"Club Car"}]},{"@type":"WebSite","@id":"https:\/\/electrocarrosdemexico.com\/#website","url":"https:\/\/electrocarrosdemexico.com\/","name":"Electrocarros de M\u00e9xico","description":"Carritos de Golf para todo tipo de aplicaciones","publisher":{"@id":"https:\/\/electrocarrosdemexico.com\/#organization"},"potentialAction":[{"@type":"SearchAction","target":{"@type":"EntryPoint","urlTemplate":"https:\/\/electrocarrosdemexico.com\/?s={search_term_string}"},"query-input":"required name=search_term_string"}],"inLanguage":"en-US"},{"@type":"Organization","@id":"https:\/\/electrocarrosdemexico.com\/#organization","name":"Electrocarros de M\u00e9xico","url":"https:\/\/electrocarrosdemexico.com\/","logo":{"@type":"ImageObject","inLanguage":"en-US","@id":"https:\/\/electrocarrosdemexico.com\/#\/schema\/logo\/image\/","url":"https:\/\/electrocarrosdemexico.com\/wp-content\/uploads\/2021\/12\/LogoElectroCarrosBgr.png","contentUrl":"https:\/\/electrocarrosdemexico.com\/wp-content\/uploads\/2021\/12\/LogoElectroCarrosBgr.png","width":180,"height":177,"caption":"Electrocarros de M\u00e9xico"},"image":{"@id":"https:\/\/electrocarrosdemexico.com\/#\/schema\/logo\/image\/"},"sameAs":["https:\/\/www.facebook.com\/profile.php?id=100063831571833","https:\/\/www.instagram.com\/electrocarrosdemexico\/"]}]}},"_links":{"self":[{"href":"https:\/\/electrocarrosdemexico.com\/index.php\/wp-json\/wp\/v2\/pages\/25","targetHints":{"allow":["GET"]}}],"collection":[{"href":"https:\/\/electrocarrosdemexico.com\/index.php\/wp-json\/wp\/v2\/pages"}],"about":[{"href":"https:\/\/electrocarrosdemexico.com\/index.php\/wp-json\/wp\/v2\/types\/page"}],"author":[{"embeddable":true,"href":"https:\/\/electrocarrosdemexico.com\/index.php\/wp-json\/wp\/v2\/users\/1"}],"replies":[{"embeddable":true,"href":"https:\/\/electrocarrosdemexico.com\/index.php\/wp-json\/wp\/v2\/comments?post=25"}],"version-history":[{"count":33,"href":"https:\/\/electrocarrosdemexico.com\/index.php\/wp-json\/wp\/v2\/pages\/25\/revisions"}],"predecessor-version":[{"id":1445,"href":"https:\/\/electrocarrosdemexico.com\/index.php\/wp-json\/wp\/v2\/pages\/25\/revisions\/1445"}],"wp:attachment":[{"href":"https:\/\/electrocarrosdemexico.com\/index.php\/wp-json\/wp\/v2\/media?parent=25"}],"curies":[{"name":"wp","href":"https:\/\/api.w.org\/{rel}","templated":true}]}}