{"id":19,"date":"2021-12-02T16:46:53","date_gmt":"2021-12-02T16:46:53","guid":{"rendered":"http:\/\/almar.site\/electrocarros\/?page_id=19"},"modified":"2022-01-16T07:31:56","modified_gmt":"2022-01-16T07:31:56","slug":"seminuevos","status":"publish","type":"page","link":"https:\/\/electrocarrosdemexico.com\/index.php\/seminuevos\/","title":{"rendered":"SEMINUEVOS"},"content":{"rendered":"<p>[et_pb_section fb_built=&#8221;1&#8243; fullwidth=&#8221;on&#8221; _builder_version=&#8221;4.14.5&#8243; _module_preset=&#8221;default&#8221; global_colors_info=&#8221;{}&#8221;][et_pb_fullwidth_header title=&#8221;Potencia y Control&#8221; _builder_version=&#8221;4.14.5&#8243; _module_preset=&#8221;default&#8221; title_font=&#8221;|800|||||||&#8221; title_font_size=&#8221;60px&#8221; content_font=&#8221;|700|||||||&#8221; background_video_mp4=&#8221;http:\/\/electrocarrosdemexico.com\/wp-content\/uploads\/2022\/01\/WEB_seminuevos-long.mp4&#8243; min_height=&#8221;612.6px&#8221; custom_margin=&#8221;0px||||false|false&#8221; custom_padding=&#8221;130px||||false|false&#8221; title_font_size_tablet=&#8221;60px&#8221; title_font_size_phone=&#8221;36px&#8221; title_font_size_last_edited=&#8221;on|phone&#8221; title_text_shadow_style=&#8221;preset1&#8243; content_text_shadow_style=&#8221;preset1&#8243; global_colors_info=&#8221;{}&#8221;]<\/p>\n<h1 class=\"et_pb_module_header et-fb-editable-element et-fb-editable-element__editing\" data-shortcode-id=\"1.0-1642317623987\" data-quickaccess-id=\"title\" contenteditable=\"true\">Clase y Estilo<\/h1>\n<p>[\/et_pb_fullwidth_header][\/et_pb_section][et_pb_section fb_built=&#8221;1&#8243; _builder_version=&#8221;4.14.5&#8243; _module_preset=&#8221;default&#8221; min_height=&#8221;938px&#8221; custom_margin=&#8221;0px||||false|false&#8221; custom_padding=&#8221;0px||||false|false&#8221; global_colors_info=&#8221;{}&#8221;][et_pb_row _builder_version=&#8221;4.14.5&#8243; _module_preset=&#8221;default&#8221; min_height=&#8221;916px&#8221; custom_margin=&#8221;0px|auto|-190px|auto|false|false&#8221; global_colors_info=&#8221;{}&#8221;][et_pb_column type=&#8221;4_4&#8243; _builder_version=&#8221;4.14.2&#8243; _module_preset=&#8221;default&#8221; global_colors_info=&#8221;{}&#8221;][dsm_icon_list _builder_version=&#8221;4.14.5&#8243; _module_preset=&#8221;default&#8221; global_colors_info=&#8221;{}&#8221; custom_margin=&#8221;-17px|||||&#8221;][\/dsm_icon_list][dsm_text_divider header=&#8221;Selecciona un modelo y personal\u00edzalo a tu manera&#8221; _builder_version=&#8221;4.14.5&#8243; _module_preset=&#8221;default&#8221; global_colors_info=&#8221;{}&#8221;][\/dsm_text_divider][et_pb_filterable_portfolio fullwidth=&#8221;off&#8221; posts_number=&#8221;12&#8243; include_categories=&#8221;25,24,20,21,22,23&#8243; show_categories=&#8221;off&#8221; zoom_icon_color=&#8221;#000000&#8243; hover_icon=&#8221;&#xf450;||fa||900&#8243; module_class=&#8221;lwp-col-portfolio&#8221; _builder_version=&#8221;4.14.5&#8243; _module_preset=&#8221;default&#8221; title_level=&#8221;h4&#8243; title_text_color=&#8221;gcid-4a6c4cbf-8d09-44e5-97b5-da4c9cd6fe4b&#8221; title_font_size=&#8221;15px&#8221; title_line_height=&#8221;1.8em&#8221; text_orientation=&#8221;left&#8221; custom_css_portfolio_filters=&#8221;display: none;&#8221; border_radii_image=&#8221;on|15px|15px|15px|15px&#8221; global_colors_info=&#8221;{%22gcid-4a6c4cbf-8d09-44e5-97b5-da4c9cd6fe4b%22:%91%22title_text_color%22%93}&#8221;][\/et_pb_filterable_portfolio][\/et_pb_column][\/et_pb_row][et_pb_row _builder_version=&#8221;4.14.5&#8243; _module_preset=&#8221;default&#8221; global_colors_info=&#8221;{}&#8221;][et_pb_column type=&#8221;4_4&#8243; _builder_version=&#8221;4.14.5&#8243; _module_preset=&#8221;default&#8221; global_colors_info=&#8221;{}&#8221;][et_pb_accordion _builder_version=&#8221;4.14.5&#8243; _module_preset=&#8221;default&#8221; global_colors_info=&#8221;{}&#8221;][et_pb_accordion_item title=&#8221;Personaliza a tu manera&#8221; _builder_version=&#8221;4.14.5&#8243; _module_preset=&#8221;default&#8221; global_colors_info=&#8221;{}&#8221; open=&#8221;on&#8221;]<\/p>\n<p>Nuestra amplia selecci\u00f3n de carritos semi nuevos se pueden personalizar al gusto para que seas 100% t\u00fa. Descubre todo lo que puedes agregarle a tu carrito con los accesorios que tenemos para ti.<\/p>\n<p>[\/et_pb_accordion_item][et_pb_accordion_item title=&#8221;Tipos de accesorios:&#8221; open=&#8221;off&#8221; _builder_version=&#8221;4.14.5&#8243; _module_preset=&#8221;default&#8221; global_colors_info=&#8221;{}&#8221;]<\/p>\n<ul>\n<li>Sistemas de audio<\/li>\n<li>Bocinas<\/li>\n<li>Rines<\/li>\n<li>Tapizado de lujo<\/li>\n<li>Llantas<\/li>\n<li>Faros<\/li>\n<li>Carrocer\u00eda<\/li>\n<li>Hieleras<\/li>\n<li>Pintura<\/li>\n<li>Branding<\/li>\n<li>Retrovisores<\/li>\n<li>Defensa<\/li>\n<li>Suspenci\u00f3n<\/li>\n<li>Para brizas<\/li>\n<li>Asientos traseros<\/li>\n<li>Porta vasos<\/li>\n<\/ul>\n<p>[\/et_pb_accordion_item][\/et_pb_accordion][\/et_pb_column][\/et_pb_row][\/et_pb_section]<\/p>\n","protected":false},"excerpt":{"rendered":"<p>Clase y Estilo<div class=\"et_pb_module dsm_icon_list dsm_icon_list_0\">\n\t\t\t\t\n\t\t\t\t\n\t\t\t\t\n\t\t\t\t\n\t\t\t\t<div class=\"et_pb_module_inner\">\n\t\t\t\t\t<ul class=\"dsm_icon_list_items dsm_icon_list_ltr_direction dsm_icon_list_layout_vertical\"><\/ul>\n\t\t\t\t<\/div>\n\t\t\t<\/div><div class=\"et_pb_module dsm_text_divider dsm_text_divider_0\">\n\t\t\t\t\n\t\t\t\t\n\t\t\t\t\n\t\t\t\t\n\t\t\t\t<div class=\"et_pb_module_inner\">\n\t\t\t\t\t<div class=\"dsm-text-divider-wrapper dsm-text-divider-align-center et_pb_bg_layout_light\">\n\t\t\t\t\n\t\t\t\t\n\t\t\t\t<div class=\"dsm-text-divider-before dsm-divider\"><\/div>\n\t\t\t\t<h3 class=\"dsm-text-divider-header et_pb_module_header\"><span>Selecciona un modelo y personal\u00edzalo a tu manera<\/span><\/h3>\n\t\t\t\t<div class=\"dsm-text-divider-after dsm-divider\"><\/div>\n\t\t\t<\/div>\n\t\t\t\t<\/div>\n\t\t\t<\/div>Nuestra amplia selecci\u00f3n de carritos semi nuevos se pueden personalizar al gusto para que seas 100% t\u00fa. Descubre todo lo que puedes agregarle a tu carrito con los accesorios que tenemos para ti. Sistemas de audio Bocinas Rines [&hellip;]<\/p>\n","protected":false},"author":1,"featured_media":0,"parent":0,"menu_order":0,"comment_status":"closed","ping_status":"closed","template":"","meta":{"_et_pb_use_builder":"on","_et_pb_old_content":"","_et_gb_content_width":"","footnotes":""},"class_list":["post-19","page","type-page","status-publish","hentry"],"yoast_head":"<!-- This site is optimized with the Yoast SEO plugin v22.1 - https:\/\/yoast.com\/wordpress\/plugins\/seo\/ -->\n<title>SEMINUEVOS - Electrocarros de M\u00e9xico<\/title>\n<meta name=\"robots\" content=\"index, follow, max-snippet:-1, max-image-preview:large, max-video-preview:-1\" \/>\n<link rel=\"canonical\" href=\"https:\/\/electrocarrosdemexico.com\/index.php\/seminuevos\/\" \/>\n<meta property=\"og:locale\" content=\"en_US\" \/>\n<meta property=\"og:type\" content=\"article\" \/>\n<meta property=\"og:title\" content=\"SEMINUEVOS - Electrocarros de M\u00e9xico\" \/>\n<meta property=\"og:description\" content=\"Clase y EstiloNuestra amplia selecci\u00f3n de carritos semi nuevos se pueden personalizar al gusto para que seas 100% t\u00fa. Descubre todo lo que puedes agregarle a tu carrito con los accesorios que tenemos para ti. Sistemas de audio Bocinas Rines [&hellip;]\" \/>\n<meta property=\"og:url\" content=\"https:\/\/electrocarrosdemexico.com\/index.php\/seminuevos\/\" \/>\n<meta property=\"og:site_name\" content=\"Electrocarros de M\u00e9xico\" \/>\n<meta property=\"article:publisher\" content=\"https:\/\/www.facebook.com\/profile.php?id=100063831571833\" \/>\n<meta property=\"article:modified_time\" content=\"2022-01-16T07:31:56+00:00\" \/>\n<meta name=\"twitter:card\" content=\"summary_large_image\" \/>\n<meta name=\"twitter:label1\" content=\"Est. reading time\" \/>\n\t<meta name=\"twitter:data1\" content=\"2 minutes\" \/>\n<script type=\"application\/ld+json\" class=\"yoast-schema-graph\">{\"@context\":\"https:\/\/schema.org\",\"@graph\":[{\"@type\":\"WebPage\",\"@id\":\"https:\/\/electrocarrosdemexico.com\/index.php\/seminuevos\/\",\"url\":\"https:\/\/electrocarrosdemexico.com\/index.php\/seminuevos\/\",\"name\":\"SEMINUEVOS - Electrocarros de M\u00e9xico\",\"isPartOf\":{\"@id\":\"https:\/\/electrocarrosdemexico.com\/#website\"},\"datePublished\":\"2021-12-02T16:46:53+00:00\",\"dateModified\":\"2022-01-16T07:31:56+00:00\",\"breadcrumb\":{\"@id\":\"https:\/\/electrocarrosdemexico.com\/index.php\/seminuevos\/#breadcrumb\"},\"inLanguage\":\"en-US\",\"potentialAction\":[{\"@type\":\"ReadAction\",\"target\":[\"https:\/\/electrocarrosdemexico.com\/index.php\/seminuevos\/\"]}]},{\"@type\":\"BreadcrumbList\",\"@id\":\"https:\/\/electrocarrosdemexico.com\/index.php\/seminuevos\/#breadcrumb\",\"itemListElement\":[{\"@type\":\"ListItem\",\"position\":1,\"name\":\"Home\",\"item\":\"https:\/\/electrocarrosdemexico.com\/\"},{\"@type\":\"ListItem\",\"position\":2,\"name\":\"SEMINUEVOS\"}]},{\"@type\":\"WebSite\",\"@id\":\"https:\/\/electrocarrosdemexico.com\/#website\",\"url\":\"https:\/\/electrocarrosdemexico.com\/\",\"name\":\"Electrocarros de M\u00e9xico\",\"description\":\"Carritos de Golf para todo tipo de aplicaciones\",\"publisher\":{\"@id\":\"https:\/\/electrocarrosdemexico.com\/#organization\"},\"potentialAction\":[{\"@type\":\"SearchAction\",\"target\":{\"@type\":\"EntryPoint\",\"urlTemplate\":\"https:\/\/electrocarrosdemexico.com\/?s={search_term_string}\"},\"query-input\":\"required name=search_term_string\"}],\"inLanguage\":\"en-US\"},{\"@type\":\"Organization\",\"@id\":\"https:\/\/electrocarrosdemexico.com\/#organization\",\"name\":\"Electrocarros de M\u00e9xico\",\"url\":\"https:\/\/electrocarrosdemexico.com\/\",\"logo\":{\"@type\":\"ImageObject\",\"inLanguage\":\"en-US\",\"@id\":\"https:\/\/electrocarrosdemexico.com\/#\/schema\/logo\/image\/\",\"url\":\"https:\/\/electrocarrosdemexico.com\/wp-content\/uploads\/2021\/12\/LogoElectroCarrosBgr.png\",\"contentUrl\":\"https:\/\/electrocarrosdemexico.com\/wp-content\/uploads\/2021\/12\/LogoElectroCarrosBgr.png\",\"width\":180,\"height\":177,\"caption\":\"Electrocarros de M\u00e9xico\"},\"image\":{\"@id\":\"https:\/\/electrocarrosdemexico.com\/#\/schema\/logo\/image\/\"},\"sameAs\":[\"https:\/\/www.facebook.com\/profile.php?id=100063831571833\",\"https:\/\/www.instagram.com\/electrocarrosdemexico\/\"]}]}<\/script>\n<!-- \/ Yoast SEO plugin. -->","yoast_head_json":{"title":"SEMINUEVOS - Electrocarros de M\u00e9xico","robots":{"index":"index","follow":"follow","max-snippet":"max-snippet:-1","max-image-preview":"max-image-preview:large","max-video-preview":"max-video-preview:-1"},"canonical":"https:\/\/electrocarrosdemexico.com\/index.php\/seminuevos\/","og_locale":"en_US","og_type":"article","og_title":"SEMINUEVOS - Electrocarros de M\u00e9xico","og_description":"Clase y EstiloNuestra amplia selecci\u00f3n de carritos semi nuevos se pueden personalizar al gusto para que seas 100% t\u00fa. Descubre todo lo que puedes agregarle a tu carrito con los accesorios que tenemos para ti. Sistemas de audio Bocinas Rines [&hellip;]","og_url":"https:\/\/electrocarrosdemexico.com\/index.php\/seminuevos\/","og_site_name":"Electrocarros de M\u00e9xico","article_publisher":"https:\/\/www.facebook.com\/profile.php?id=100063831571833","article_modified_time":"2022-01-16T07:31:56+00:00","twitter_card":"summary_large_image","twitter_misc":{"Est. reading time":"2 minutes"},"schema":{"@context":"https:\/\/schema.org","@graph":[{"@type":"WebPage","@id":"https:\/\/electrocarrosdemexico.com\/index.php\/seminuevos\/","url":"https:\/\/electrocarrosdemexico.com\/index.php\/seminuevos\/","name":"SEMINUEVOS - Electrocarros de M\u00e9xico","isPartOf":{"@id":"https:\/\/electrocarrosdemexico.com\/#website"},"datePublished":"2021-12-02T16:46:53+00:00","dateModified":"2022-01-16T07:31:56+00:00","breadcrumb":{"@id":"https:\/\/electrocarrosdemexico.com\/index.php\/seminuevos\/#breadcrumb"},"inLanguage":"en-US","potentialAction":[{"@type":"ReadAction","target":["https:\/\/electrocarrosdemexico.com\/index.php\/seminuevos\/"]}]},{"@type":"BreadcrumbList","@id":"https:\/\/electrocarrosdemexico.com\/index.php\/seminuevos\/#breadcrumb","itemListElement":[{"@type":"ListItem","position":1,"name":"Home","item":"https:\/\/electrocarrosdemexico.com\/"},{"@type":"ListItem","position":2,"name":"SEMINUEVOS"}]},{"@type":"WebSite","@id":"https:\/\/electrocarrosdemexico.com\/#website","url":"https:\/\/electrocarrosdemexico.com\/","name":"Electrocarros de M\u00e9xico","description":"Carritos de Golf para todo tipo de aplicaciones","publisher":{"@id":"https:\/\/electrocarrosdemexico.com\/#organization"},"potentialAction":[{"@type":"SearchAction","target":{"@type":"EntryPoint","urlTemplate":"https:\/\/electrocarrosdemexico.com\/?s={search_term_string}"},"query-input":"required name=search_term_string"}],"inLanguage":"en-US"},{"@type":"Organization","@id":"https:\/\/electrocarrosdemexico.com\/#organization","name":"Electrocarros de M\u00e9xico","url":"https:\/\/electrocarrosdemexico.com\/","logo":{"@type":"ImageObject","inLanguage":"en-US","@id":"https:\/\/electrocarrosdemexico.com\/#\/schema\/logo\/image\/","url":"https:\/\/electrocarrosdemexico.com\/wp-content\/uploads\/2021\/12\/LogoElectroCarrosBgr.png","contentUrl":"https:\/\/electrocarrosdemexico.com\/wp-content\/uploads\/2021\/12\/LogoElectroCarrosBgr.png","width":180,"height":177,"caption":"Electrocarros de M\u00e9xico"},"image":{"@id":"https:\/\/electrocarrosdemexico.com\/#\/schema\/logo\/image\/"},"sameAs":["https:\/\/www.facebook.com\/profile.php?id=100063831571833","https:\/\/www.instagram.com\/electrocarrosdemexico\/"]}]}},"_links":{"self":[{"href":"https:\/\/electrocarrosdemexico.com\/index.php\/wp-json\/wp\/v2\/pages\/19","targetHints":{"allow":["GET"]}}],"collection":[{"href":"https:\/\/electrocarrosdemexico.com\/index.php\/wp-json\/wp\/v2\/pages"}],"about":[{"href":"https:\/\/electrocarrosdemexico.com\/index.php\/wp-json\/wp\/v2\/types\/page"}],"author":[{"embeddable":true,"href":"https:\/\/electrocarrosdemexico.com\/index.php\/wp-json\/wp\/v2\/users\/1"}],"replies":[{"embeddable":true,"href":"https:\/\/electrocarrosdemexico.com\/index.php\/wp-json\/wp\/v2\/comments?post=19"}],"version-history":[{"count":34,"href":"https:\/\/electrocarrosdemexico.com\/index.php\/wp-json\/wp\/v2\/pages\/19\/revisions"}],"predecessor-version":[{"id":1291,"href":"https:\/\/electrocarrosdemexico.com\/index.php\/wp-json\/wp\/v2\/pages\/19\/revisions\/1291"}],"wp:attachment":[{"href":"https:\/\/electrocarrosdemexico.com\/index.php\/wp-json\/wp\/v2\/media?parent=19"}],"curies":[{"name":"wp","href":"https:\/\/api.w.org\/{rel}","templated":true}]}}