{"id":17,"date":"2021-12-02T16:46:41","date_gmt":"2021-12-02T16:46:41","guid":{"rendered":"http:\/\/almar.site\/electrocarros\/?page_id=17"},"modified":"2022-01-21T20:56:24","modified_gmt":"2022-01-21T20:56:24","slug":"refacciones","status":"publish","type":"page","link":"https:\/\/electrocarrosdemexico.com\/index.php\/refacciones\/","title":{"rendered":"REFACCIONES"},"content":{"rendered":"<p>[et_pb_section fb_built=&#8221;1&#8243; fullwidth=&#8221;on&#8221; _builder_version=&#8221;4.14.5&#8243; _module_preset=&#8221;default&#8221; global_colors_info=&#8221;{}&#8221;][et_pb_fullwidth_header _builder_version=&#8221;4.14.5&#8243; _module_preset=&#8221;default&#8221; background_color=&#8221;RGBA(255,255,255,0)&#8221; background_video_mp4=&#8221;http:\/\/electrocarrosdemexico.com\/wp-content\/uploads\/2022\/01\/WEB_servicios-y-refacciones.mp4&#8243; min_height=&#8221;600px&#8221; min_height_tablet=&#8221;600px&#8221; min_height_phone=&#8221;280px&#8221; min_height_last_edited=&#8221;on|phone&#8221; height_tablet=&#8221;&#8221; height_phone=&#8221;280px&#8221; height_last_edited=&#8221;on|phone&#8221; max_height=&#8221;280px&#8221; global_colors_info=&#8221;{}&#8221;][\/et_pb_fullwidth_header][\/et_pb_section][et_pb_section fb_built=&#8221;1&#8243; _builder_version=&#8221;4.14.2&#8243; _module_preset=&#8221;default&#8221; global_colors_info=&#8221;{}&#8221;][et_pb_row _builder_version=&#8221;4.14.5&#8243; _module_preset=&#8221;default&#8221; custom_margin=&#8221;0px||||false|false&#8221; custom_padding=&#8221;0px||||false|false&#8221; global_colors_info=&#8221;{}&#8221;][et_pb_column type=&#8221;4_4&#8243; _builder_version=&#8221;4.14.2&#8243; _module_preset=&#8221;default&#8221; global_colors_info=&#8221;{}&#8221;][dsm_gradient_text gradient_text=&#8221;Refacciones y Accesorios:&#8221; _builder_version=&#8221;4.14.5&#8243; _module_preset=&#8221;default&#8221; header_font=&#8221;Ubuntu|700|||||||&#8221; header_font_size=&#8221;56px&#8221; background_color_gradient_start=&#8221;#1f1792&#8243; header_font_size_tablet=&#8221;56px&#8221; header_font_size_phone=&#8221;50px&#8221; header_font_size_last_edited=&#8221;on|phone&#8221; locked=&#8221;off&#8221; global_colors_info=&#8221;{}&#8221;][\/dsm_gradient_text][et_pb_text _builder_version=&#8221;4.14.2&#8243; _module_preset=&#8221;default&#8221; global_colors_info=&#8221;{}&#8221;]<\/p>\n<p>Contamos con refacciones y accesorios de todas las marcas dise\u00f1adas especialmente para su veh\u00edculo.<\/p>\n<p>[\/et_pb_text][dsm_card_carousel slider_effect=&#8221;coverflow&#8221; _builder_version=&#8221;4.14.5&#8243; _module_preset=&#8221;default&#8221; hover_enabled=&#8221;0&#8243; global_colors_info=&#8221;{}&#8221; sticky_enabled=&#8221;0&#8243;][dsm_card_carousel_child title=&#8221;Bater\u00edas&#8221; image=&#8221;http:\/\/electrocarrosdemexico.com\/wp-content\/uploads\/2022\/01\/WhatsApp-Image-2022-01-20-at-11.55.42.jpeg&#8221; image_background_height=&#8221;238px&#8221; image_background_size=&#8221;contain&#8221; _builder_version=&#8221;4.14.5&#8243; _module_preset=&#8221;default&#8221; global_colors_info=&#8221;{}&#8221; parent_button=&#8221;off&#8221;][\/dsm_card_carousel_child][dsm_card_carousel_child title=&#8221;Cargadores&#8221; image=&#8221;http:\/\/electrocarrosdemexico.com\/wp-content\/uploads\/2022\/01\/WhatsApp-Image-2022-01-20-at-11.58.16.jpeg&#8221; image_background_size=&#8221;contain&#8221; alt=&#8221;ezgo club car txt electrocarros de mexico golf car carros de&#8221; _builder_version=&#8221;4.14.5&#8243; _module_preset=&#8221;default&#8221; global_colors_info=&#8221;{}&#8221; parent_button=&#8221;off&#8221;][\/dsm_card_carousel_child][dsm_card_carousel_child title=&#8221;La m\u00e1s amplia variedad de rines para su veh\u00edculo.&#8221; image=&#8221;http:\/\/electrocarrosdemexico.com\/wp-content\/uploads\/2021\/12\/llanta1down1080.jpg&#8221; badge_text=&#8221;Rines&#8221; badge_position=&#8221;top_left&#8221; _builder_version=&#8221;4.14.5&#8243; _module_preset=&#8221;default&#8221; hover_enabled=&#8221;0&#8243; border_radii=&#8221;on|20px|20px|20px|20px&#8221; box_shadow_style_badge=&#8221;preset1&#8243; global_colors_info=&#8221;{}&#8221; parent_button=&#8221;off&#8221; sticky_enabled=&#8221;0&#8243;][\/dsm_card_carousel_child][dsm_card_carousel_child title=&#8221;Reemplazos originales para todas las marcas.&#8221; image=&#8221;http:\/\/electrocarrosdemexico.com\/wp-content\/uploads\/2021\/12\/focodown1080.jpg&#8221; badge_text=&#8221;Micas&#8221; badge_position=&#8221;top_left&#8221; _builder_version=&#8221;4.14.2&#8243; _module_preset=&#8221;default&#8221; border_radii=&#8221;on|20px|20px|20px|20px&#8221; box_shadow_style_badge=&#8221;preset1&#8243; global_colors_info=&#8221;{}&#8221; parent_button=&#8221;off&#8221;][\/dsm_card_carousel_child][dsm_card_carousel_child title=&#8221;Cajas adaptables para su uso especifico.&#8221; image=&#8221;http:\/\/electrocarrosdemexico.com\/wp-content\/uploads\/2022\/01\/WhatsApp-Image-2021-12-27-at-12.26.06.jpeg&#8221; badge_text=&#8221;Cajas&#8221; badge_position=&#8221;top_left&#8221; _builder_version=&#8221;4.14.5&#8243; _module_preset=&#8221;default&#8221; border_radii=&#8221;on|20px|20px|20px|20px&#8221; box_shadow_style_badge=&#8221;preset1&#8243; global_colors_info=&#8221;{}&#8221; parent_button=&#8221;off&#8221;][\/dsm_card_carousel_child][dsm_card_carousel_child title=&#8221;\u00bfNeceistas llantas nuevas? Nosotros las tenemos&#8221; image=&#8221;http:\/\/electrocarrosdemexico.com\/wp-content\/uploads\/2021\/12\/llantafabricadown72.jpg&#8221; badge_text=&#8221;Llantas&#8221; badge_position=&#8221;top_left&#8221; _builder_version=&#8221;4.14.2&#8243; _module_preset=&#8221;default&#8221; border_radii=&#8221;on|20px|20px|20px|20px&#8221; box_shadow_style_badge=&#8221;preset1&#8243; global_colors_info=&#8221;{}&#8221; parent_button=&#8221;off&#8221;][\/dsm_card_carousel_child][dsm_card_carousel_child title=&#8221;Disfruta de un sistema de sonido en tu carro&#8221; image=&#8221;http:\/\/electrocarrosdemexico.com\/wp-content\/uploads\/2022\/01\/estereo1down1080.jpg&#8221; badge_text=&#8221;Estereos&#8221; badge_position=&#8221;top_left&#8221; _builder_version=&#8221;4.14.2&#8243; _module_preset=&#8221;default&#8221; global_colors_info=&#8221;{}&#8221; parent_button=&#8221;off&#8221;][\/dsm_card_carousel_child][dsm_card_carousel_child title=&#8221;Retrovisores&#8221; image=&#8221;http:\/\/electrocarrosdemexico.com\/wp-content\/uploads\/2022\/01\/pantalladown72169.jpg&#8221; badge_text=&#8221;Retrovisores&#8221; badge_position=&#8221;top_left&#8221; _builder_version=&#8221;4.14.5&#8243; _module_preset=&#8221;default&#8221; border_radii=&#8221;on|20px|20px|20px|20px&#8221; box_shadow_style_badge=&#8221;preset1&#8243; global_colors_info=&#8221;{}&#8221; parent_button=&#8221;off&#8221;][\/dsm_card_carousel_child][dsm_card_carousel_child title=&#8221;Suspensi\u00f3n y amortiguadores&#8221; image=&#8221;http:\/\/electrocarrosdemexico.com\/wp-content\/uploads\/2022\/01\/piezallantadown1080.jpeg&#8221; badge_text=&#8221;Suspensi\u00f3n y amortiguadores&#8221; badge_position=&#8221;top_left&#8221; _builder_version=&#8221;4.14.5&#8243; _module_preset=&#8221;default&#8221; border_radii=&#8221;on|20px|20px|20px|20px&#8221; box_shadow_style_badge=&#8221;preset1&#8243; global_colors_info=&#8221;{}&#8221; parent_button=&#8221;off&#8221;][\/dsm_card_carousel_child][dsm_card_carousel_child title=&#8221;Tenemos asientos de todo tipo disponibles&#8221; image=&#8221;http:\/\/electrocarrosdemexico.com\/wp-content\/uploads\/2021\/12\/sillon2down72.jpg&#8221; badge_text=&#8221;Asientos&#8221; badge_position=&#8221;top_left&#8221; _builder_version=&#8221;4.14.2&#8243; _module_preset=&#8221;default&#8221; border_radii=&#8221;on|20px|20px|20px|20px&#8221; box_shadow_style_badge=&#8221;preset1&#8243; global_colors_info=&#8221;{}&#8221; parent_button=&#8221;off&#8221;][\/dsm_card_carousel_child][dsm_card_carousel_child title=&#8221;Hieleras&#8221; image=&#8221;http:\/\/electrocarrosdemexico.com\/wp-content\/uploads\/2021\/12\/caja1down72.jpg&#8221; badge_text=&#8221;Hieleras&#8221; badge_position=&#8221;top_left&#8221; _builder_version=&#8221;4.14.5&#8243; _module_preset=&#8221;default&#8221; border_radii=&#8221;on|20px|20px|20px|20px&#8221; box_shadow_style_badge=&#8221;preset1&#8243; global_colors_info=&#8221;{}&#8221; parent_button=&#8221;off&#8221;][\/dsm_card_carousel_child][\/dsm_card_carousel][dsm_icon_divider use_icon=&#8221;on&#8221; font_icon=&#8221;&#xe035;||divi||400&#8243; icon_color=&#8221;#0C71C3&#8243; use_icon_font_size=&#8221;on&#8221; icon_font_size=&#8221;37px&#8221; _builder_version=&#8221;4.14.2&#8243; _module_preset=&#8221;default&#8221; global_colors_info=&#8221;{}&#8221;][\/dsm_icon_divider][\/et_pb_column][\/et_pb_row][et_pb_row column_structure=&#8221;2_5,3_5&#8243; _builder_version=&#8221;4.14.2&#8243; _module_preset=&#8221;default&#8221; global_colors_info=&#8221;{}&#8221;][et_pb_column type=&#8221;2_5&#8243; _builder_version=&#8221;4.14.2&#8243; _module_preset=&#8221;default&#8221; global_colors_info=&#8221;{}&#8221;][dsm_gradient_text gradient_text=&#8221;Servicios:&#8221; _builder_version=&#8221;4.14.5&#8243; _module_preset=&#8221;default&#8221; header_font=&#8221;Ubuntu|700|||||||&#8221; header_font_size=&#8221;56px&#8221; background_color_gradient_start=&#8221;gcid-c7e1f380-f612-4538-88ea-bf012abccda5&#8243; locked=&#8221;off&#8221; global_colors_info=&#8221;{%22gcid-c7e1f380-f612-4538-88ea-bf012abccda5%22:%91%22colorStart%22%93}&#8221;][\/dsm_gradient_text][et_pb_text _builder_version=&#8221;4.14.2&#8243; _module_preset=&#8221;default&#8221; global_colors_info=&#8221;{}&#8221;]<\/p>\n<p>Contamos con un equipo altamente capacitado en todas las marcas de veh\u00edculos, listo para otorgarte los siguientes servicios:<\/p>\n<\/p>\n<ul>\n<li style=\"list-style-type: none;\">\n<ul>\n<li style=\"list-style-type: none;\">\n<ul>\n<li>Mantenimiento Preventivo<\/li>\n<li>Mantenimiento correctivo<\/li>\n<li>Cambio de bater\u00edas<\/li>\n<li>Cambio de llantas<\/li>\n<li>Afinaciones<\/li>\n<li>Alineaci\u00f3n<\/li>\n<li>Escaneo<\/li>\n<li>Diagn\u00f3stico<\/li>\n<\/ul>\n<\/li>\n<\/ul>\n<\/li>\n<\/ul>\n<p>[\/et_pb_text][\/et_pb_column][et_pb_column type=&#8221;3_5&#8243; _builder_version=&#8221;4.14.2&#8243; _module_preset=&#8221;default&#8221; global_colors_info=&#8221;{}&#8221;][et_pb_image src=&#8221;http:\/\/electrocarrosdemexico.com\/wp-content\/uploads\/2021\/12\/3down72.jpg&#8221; title_text=&#8221;3down72&#8243; _builder_version=&#8221;4.14.2&#8243; _module_preset=&#8221;default&#8221; border_radii=&#8221;off|75px||75px|&#8221; global_colors_info=&#8221;{}&#8221;][\/et_pb_image][\/et_pb_column][\/et_pb_row][\/et_pb_section]<\/p>\n","protected":false},"excerpt":{"rendered":"<p><div class=\"et_pb_module dsm_gradient_text dsm_gradient_text_0 \">\n\t\t\t\t\n\t\t\t\t\n\t\t\t\t\n\t\t\t\t\n\t\t\t\t<div class=\"et_pb_module_inner\">\n\t\t\t\t\t<h1 class=\"dsm-gradient-text et_pb_module_header\">Refacciones y Accesorios:<\/h1>\n\t\t\t\t<\/div>\n\t\t\t<\/div>Contamos con refacciones y accesorios de todas las marcas dise\u00f1adas especialmente para su veh\u00edculo.<div class=\"et_pb_module dsm_card_carousel dsm_card_carousel_0 dsm_card_carousel_layout_stacked  dsm_card_carousel_arrow_outside dsm_card_carousel_arrow_mobile_inside\">\n\t\t\t\t\n\t\t\t\t\n\t\t\t\t\n\t\t\t\t\n\t\t\t\t<div class=\"et_pb_module_inner\">\n\t\t\t\t\t\n\t\t\t\n\t\t\t<div class=\"swiper-container dsm_card_carousel_wrapper\" dir=\"ltr\" data-params=[{\"effect\":\"coverflow\",\"slider_effect_shadows\":false,\"slider_effect_coverflow_rotate\":\"30\",\"slider_effect_coverflow_depth\":\"0\",\"loop\":true,\"slide_to_show\":\"3\",\"slide_to_show_tablet\":\"1\",\"slide_to_show_phone\":\"1\",\"slide_to_scroll\":\"1\",\"slide_to_scroll_tablet\":\"1\",\"slide_to_scroll_phone\":\"1\",\"space_between\":\"15\",\"space_between_tablet\":\"15\",\"space_between_phone\":\"15\",\"centered_slides\":false,\"slide_row\":\"1\",\"speed\":\"300\",\"autoplay\":true,\"autoplay_speed\":\"3000\",\"touch_move\":true,\"grab\":true,\"pause_on_hover\":false,\"auto_height\":true}]>\n\t\t\t<div class=\"swiper-wrapper\"><\/div>\n\t\t\t<\/div><div class=\"swiper-button-prev dsm_card_carousel_arrow\" data-icon=\"4\"><\/div><div class=\"swiper-button-next dsm_card_carousel_arrow\" data-icon=\"5\"><\/div><div class=\"swiper-pagination dsm_card_carousel_pagination\"><\/div>\n\t\t\t\t<\/div>\n\t\t\t<\/div><div class=\"dsm_card_carousel_child dsm_card_carousel_child_0 swiper-slide\">\n\t\t\t\t\n\t\t\t\t\n\t\t\t\t\n\t\t\t\t\n\t\t\t\t<div class=\"et_pb_module_inner\">\n\t\t\t\t\t\n\t\t\t\n\t\t\t<figure class=\"dsm_card_carousel_child_image_wrapper dsm_card_carousel_child_badge_top_right\"><div class=\"dsm_card_carousel_child_image_background dsm_card_carousel_child_img\"><\/div><\/figure>\n\t\t\t<div class=\"dsm_card_wrapper et_pb_text_align_left et_pb_bg_layout_light\">\n\t\t\t\t\t<h4 class=\"dsm_card_title et_pb_module_header\">Bater\u00edas<\/h4>\n\t\t\t\t\t\n\t\t\t\t\t\n\t\t\t\t\t\n\t\t\t\t<\/div>\n\t\t\t\t<\/div>\n\t\t\t<\/div><div class=\"dsm_card_carousel_child dsm_card_carousel_child_1 swiper-slide\">\n\t\t\t\t\n\t\t\t\t\n\t\t\t\t\n\t\t\t\t\n\t\t\t\t<div class=\"et_pb_module_inner\">\n\t\t\t\t\t\n\t\t\t\n\t\t\t<figure class=\"dsm_card_carousel_child_image_wrapper dsm_card_carousel_child_badge_top_right\"><div class=\"dsm_card_carousel_child_image_background dsm_card_carousel_child_img\"><\/div><\/figure>\n\t\t\t<div class=\"dsm_card_wrapper et_pb_text_align_left et_pb_bg_layout_light\">\n\t\t\t\t\t<h4 class=\"dsm_card_title et_pb_module_header\">&#8221;Cargadores&#8221;<\/h4>\n\t\t\t\t\t\n\t\t\t\t\t\n\t\t\t\t\t\n\t\t\t\t<\/div>\n\t\t\t\t<\/div>\n\t\t\t<\/div><\/p>\n","protected":false},"author":1,"featured_media":0,"parent":0,"menu_order":0,"comment_status":"closed","ping_status":"closed","template":"","meta":{"_et_pb_use_builder":"on","_et_pb_old_content":"","_et_gb_content_width":"","footnotes":""},"class_list":["post-17","page","type-page","status-publish","hentry"],"yoast_head":"<!-- This site is optimized with the Yoast SEO plugin v22.1 - https:\/\/yoast.com\/wordpress\/plugins\/seo\/ -->\n<title>REFACCIONES - Electrocarros de M\u00e9xico<\/title>\n<meta name=\"robots\" content=\"index, follow, max-snippet:-1, max-image-preview:large, max-video-preview:-1\" \/>\n<link rel=\"canonical\" href=\"https:\/\/electrocarrosdemexico.com\/index.php\/refacciones\/\" \/>\n<meta property=\"og:locale\" content=\"en_US\" \/>\n<meta property=\"og:type\" content=\"article\" \/>\n<meta property=\"og:title\" content=\"REFACCIONES - Electrocarros de M\u00e9xico\" \/>\n<meta property=\"og:description\" content=\"Contamos con refacciones y accesorios de todas las marcas dise\u00f1adas especialmente para su veh\u00edculo.\" \/>\n<meta property=\"og:url\" content=\"https:\/\/electrocarrosdemexico.com\/index.php\/refacciones\/\" \/>\n<meta property=\"og:site_name\" content=\"Electrocarros de M\u00e9xico\" \/>\n<meta property=\"article:publisher\" content=\"https:\/\/www.facebook.com\/profile.php?id=100063831571833\" \/>\n<meta property=\"article:modified_time\" content=\"2022-01-21T20:56:24+00:00\" \/>\n<meta name=\"twitter:card\" content=\"summary_large_image\" \/>\n<meta name=\"twitter:label1\" content=\"Est. reading time\" \/>\n\t<meta name=\"twitter:data1\" content=\"5 minutes\" \/>\n<script type=\"application\/ld+json\" class=\"yoast-schema-graph\">{\"@context\":\"https:\/\/schema.org\",\"@graph\":[{\"@type\":\"WebPage\",\"@id\":\"https:\/\/electrocarrosdemexico.com\/index.php\/refacciones\/\",\"url\":\"https:\/\/electrocarrosdemexico.com\/index.php\/refacciones\/\",\"name\":\"REFACCIONES - Electrocarros de M\u00e9xico\",\"isPartOf\":{\"@id\":\"https:\/\/electrocarrosdemexico.com\/#website\"},\"datePublished\":\"2021-12-02T16:46:41+00:00\",\"dateModified\":\"2022-01-21T20:56:24+00:00\",\"breadcrumb\":{\"@id\":\"https:\/\/electrocarrosdemexico.com\/index.php\/refacciones\/#breadcrumb\"},\"inLanguage\":\"en-US\",\"potentialAction\":[{\"@type\":\"ReadAction\",\"target\":[\"https:\/\/electrocarrosdemexico.com\/index.php\/refacciones\/\"]}]},{\"@type\":\"BreadcrumbList\",\"@id\":\"https:\/\/electrocarrosdemexico.com\/index.php\/refacciones\/#breadcrumb\",\"itemListElement\":[{\"@type\":\"ListItem\",\"position\":1,\"name\":\"Home\",\"item\":\"https:\/\/electrocarrosdemexico.com\/\"},{\"@type\":\"ListItem\",\"position\":2,\"name\":\"REFACCIONES\"}]},{\"@type\":\"WebSite\",\"@id\":\"https:\/\/electrocarrosdemexico.com\/#website\",\"url\":\"https:\/\/electrocarrosdemexico.com\/\",\"name\":\"Electrocarros de M\u00e9xico\",\"description\":\"Carritos de Golf para todo tipo de aplicaciones\",\"publisher\":{\"@id\":\"https:\/\/electrocarrosdemexico.com\/#organization\"},\"potentialAction\":[{\"@type\":\"SearchAction\",\"target\":{\"@type\":\"EntryPoint\",\"urlTemplate\":\"https:\/\/electrocarrosdemexico.com\/?s={search_term_string}\"},\"query-input\":\"required name=search_term_string\"}],\"inLanguage\":\"en-US\"},{\"@type\":\"Organization\",\"@id\":\"https:\/\/electrocarrosdemexico.com\/#organization\",\"name\":\"Electrocarros de M\u00e9xico\",\"url\":\"https:\/\/electrocarrosdemexico.com\/\",\"logo\":{\"@type\":\"ImageObject\",\"inLanguage\":\"en-US\",\"@id\":\"https:\/\/electrocarrosdemexico.com\/#\/schema\/logo\/image\/\",\"url\":\"https:\/\/electrocarrosdemexico.com\/wp-content\/uploads\/2021\/12\/LogoElectroCarrosBgr.png\",\"contentUrl\":\"https:\/\/electrocarrosdemexico.com\/wp-content\/uploads\/2021\/12\/LogoElectroCarrosBgr.png\",\"width\":180,\"height\":177,\"caption\":\"Electrocarros de M\u00e9xico\"},\"image\":{\"@id\":\"https:\/\/electrocarrosdemexico.com\/#\/schema\/logo\/image\/\"},\"sameAs\":[\"https:\/\/www.facebook.com\/profile.php?id=100063831571833\",\"https:\/\/www.instagram.com\/electrocarrosdemexico\/\"]}]}<\/script>\n<!-- \/ Yoast SEO plugin. -->","yoast_head_json":{"title":"REFACCIONES - Electrocarros de M\u00e9xico","robots":{"index":"index","follow":"follow","max-snippet":"max-snippet:-1","max-image-preview":"max-image-preview:large","max-video-preview":"max-video-preview:-1"},"canonical":"https:\/\/electrocarrosdemexico.com\/index.php\/refacciones\/","og_locale":"en_US","og_type":"article","og_title":"REFACCIONES - Electrocarros de M\u00e9xico","og_description":"Contamos con refacciones y accesorios de todas las marcas dise\u00f1adas especialmente para su veh\u00edculo.","og_url":"https:\/\/electrocarrosdemexico.com\/index.php\/refacciones\/","og_site_name":"Electrocarros de M\u00e9xico","article_publisher":"https:\/\/www.facebook.com\/profile.php?id=100063831571833","article_modified_time":"2022-01-21T20:56:24+00:00","twitter_card":"summary_large_image","twitter_misc":{"Est. reading time":"5 minutes"},"schema":{"@context":"https:\/\/schema.org","@graph":[{"@type":"WebPage","@id":"https:\/\/electrocarrosdemexico.com\/index.php\/refacciones\/","url":"https:\/\/electrocarrosdemexico.com\/index.php\/refacciones\/","name":"REFACCIONES - Electrocarros de M\u00e9xico","isPartOf":{"@id":"https:\/\/electrocarrosdemexico.com\/#website"},"datePublished":"2021-12-02T16:46:41+00:00","dateModified":"2022-01-21T20:56:24+00:00","breadcrumb":{"@id":"https:\/\/electrocarrosdemexico.com\/index.php\/refacciones\/#breadcrumb"},"inLanguage":"en-US","potentialAction":[{"@type":"ReadAction","target":["https:\/\/electrocarrosdemexico.com\/index.php\/refacciones\/"]}]},{"@type":"BreadcrumbList","@id":"https:\/\/electrocarrosdemexico.com\/index.php\/refacciones\/#breadcrumb","itemListElement":[{"@type":"ListItem","position":1,"name":"Home","item":"https:\/\/electrocarrosdemexico.com\/"},{"@type":"ListItem","position":2,"name":"REFACCIONES"}]},{"@type":"WebSite","@id":"https:\/\/electrocarrosdemexico.com\/#website","url":"https:\/\/electrocarrosdemexico.com\/","name":"Electrocarros de M\u00e9xico","description":"Carritos de Golf para todo tipo de aplicaciones","publisher":{"@id":"https:\/\/electrocarrosdemexico.com\/#organization"},"potentialAction":[{"@type":"SearchAction","target":{"@type":"EntryPoint","urlTemplate":"https:\/\/electrocarrosdemexico.com\/?s={search_term_string}"},"query-input":"required name=search_term_string"}],"inLanguage":"en-US"},{"@type":"Organization","@id":"https:\/\/electrocarrosdemexico.com\/#organization","name":"Electrocarros de M\u00e9xico","url":"https:\/\/electrocarrosdemexico.com\/","logo":{"@type":"ImageObject","inLanguage":"en-US","@id":"https:\/\/electrocarrosdemexico.com\/#\/schema\/logo\/image\/","url":"https:\/\/electrocarrosdemexico.com\/wp-content\/uploads\/2021\/12\/LogoElectroCarrosBgr.png","contentUrl":"https:\/\/electrocarrosdemexico.com\/wp-content\/uploads\/2021\/12\/LogoElectroCarrosBgr.png","width":180,"height":177,"caption":"Electrocarros de M\u00e9xico"},"image":{"@id":"https:\/\/electrocarrosdemexico.com\/#\/schema\/logo\/image\/"},"sameAs":["https:\/\/www.facebook.com\/profile.php?id=100063831571833","https:\/\/www.instagram.com\/electrocarrosdemexico\/"]}]}},"_links":{"self":[{"href":"https:\/\/electrocarrosdemexico.com\/index.php\/wp-json\/wp\/v2\/pages\/17","targetHints":{"allow":["GET"]}}],"collection":[{"href":"https:\/\/electrocarrosdemexico.com\/index.php\/wp-json\/wp\/v2\/pages"}],"about":[{"href":"https:\/\/electrocarrosdemexico.com\/index.php\/wp-json\/wp\/v2\/types\/page"}],"author":[{"embeddable":true,"href":"https:\/\/electrocarrosdemexico.com\/index.php\/wp-json\/wp\/v2\/users\/1"}],"replies":[{"embeddable":true,"href":"https:\/\/electrocarrosdemexico.com\/index.php\/wp-json\/wp\/v2\/comments?post=17"}],"version-history":[{"count":27,"href":"https:\/\/electrocarrosdemexico.com\/index.php\/wp-json\/wp\/v2\/pages\/17\/revisions"}],"predecessor-version":[{"id":1401,"href":"https:\/\/electrocarrosdemexico.com\/index.php\/wp-json\/wp\/v2\/pages\/17\/revisions\/1401"}],"wp:attachment":[{"href":"https:\/\/electrocarrosdemexico.com\/index.php\/wp-json\/wp\/v2\/media?parent=17"}],"curies":[{"name":"wp","href":"https:\/\/api.w.org\/{rel}","templated":true}]}}