{"id":15,"date":"2021-12-02T16:46:27","date_gmt":"2021-12-02T16:46:27","guid":{"rendered":"http:\/\/almar.site\/electrocarros\/?page_id=15"},"modified":"2022-01-21T20:42:18","modified_gmt":"2022-01-21T20:42:18","slug":"historia","status":"publish","type":"page","link":"https:\/\/electrocarrosdemexico.com\/index.php\/historia\/","title":{"rendered":"NOSOTROS"},"content":{"rendered":"<p>[et_pb_section fb_built=&#8221;1&#8243; _builder_version=&#8221;4.14.2&#8243; _module_preset=&#8221;default&#8221; global_colors_info=&#8221;{}&#8221;][et_pb_row _builder_version=&#8221;4.14.2&#8243; _module_preset=&#8221;default&#8221; global_colors_info=&#8221;{}&#8221;][et_pb_column type=&#8221;4_4&#8243; _builder_version=&#8221;4.14.2&#8243; _module_preset=&#8221;default&#8221; global_colors_info=&#8221;{}&#8221;][et_pb_image src=&#8221;http:\/\/electrocarrosdemexico.com\/wp-content\/uploads\/2022\/01\/DSC4919-1-scaled.jpg&#8221; title_text=&#8221;DSC4919-1&#8243; _builder_version=&#8221;4.14.5&#8243; _module_preset=&#8221;default&#8221; hover_enabled=&#8221;0&#8243; border_radii=&#8221;off|150px||75px|&#8221; border_radii_tablet=&#8221;off|150px||75px|&#8221; border_radii_phone=&#8221;on|15px|15px|15px|15px&#8221; border_radii_last_edited=&#8221;on|phone&#8221; global_colors_info=&#8221;{}&#8221; sticky_enabled=&#8221;0&#8243; animation_style=&#8221;fade&#8221; width=&#8221;71%&#8221; max_width=&#8221;72%&#8221; align=&#8221;center&#8221;][\/et_pb_image][\/et_pb_column][\/et_pb_row][et_pb_row column_structure=&#8221;1_4,3_4&#8243; _builder_version=&#8221;4.14.2&#8243; _module_preset=&#8221;default&#8221; global_colors_info=&#8221;{}&#8221;][et_pb_column type=&#8221;1_4&#8243; _builder_version=&#8221;4.14.2&#8243; _module_preset=&#8221;default&#8221; global_colors_info=&#8221;{}&#8221;][dsm_gradient_text gradient_text=&#8221;%22JUNTOS podemos hacer cosas GRANDES%22&#8243; _builder_version=&#8221;4.14.2&#8243; _module_preset=&#8221;default&#8221; header_font=&#8221;Poppins|700|on||||||&#8221; header_text_align=&#8221;left&#8221; header_font_size=&#8221;37px&#8221; background_color_gradient_start=&#8221;#1f1792&#8243; global_colors_info=&#8221;{}&#8221;][\/dsm_gradient_text][et_pb_image src=&#8221;http:\/\/electrocarrosdemexico.com\/wp-content\/uploads\/2021\/12\/1-e1638476732169.jpg&#8221; title_text=&#8221;1&#8243; _builder_version=&#8221;4.14.2&#8243; _module_preset=&#8221;default&#8221; border_radii=&#8221;on|12px|12px|12px|12px&#8221; global_colors_info=&#8221;{}&#8221;][\/et_pb_image][\/et_pb_column][et_pb_column type=&#8221;3_4&#8243; _builder_version=&#8221;4.14.2&#8243; _module_preset=&#8221;default&#8221; global_colors_info=&#8221;{}&#8221;][et_pb_text _builder_version=&#8221;4.14.5&#8243; _module_preset=&#8221;default&#8221; hover_enabled=&#8221;0&#8243; global_colors_info=&#8221;{}&#8221; sticky_enabled=&#8221;0&#8243;]<\/p>\n<p>En <strong>Electrocarros de M\u00e9xico<\/strong>, somos una empresa establecida en M\u00e9xico, dedicada a la comercializaci\u00f3n, <strong>distribuci\u00f3n<\/strong> y servicio de <strong>veh\u00edculos<\/strong> especializados con oficinas en la ciudad de <strong>Tijuana<\/strong>, donde nos respaldan m\u00e1s de 30 a\u00f1os de experiencia.<\/p>\n<p>Estamos dirigidos principalmente a un mercado <strong>tur\u00edstico<\/strong>, <strong>industrial<\/strong>, <strong>golf<\/strong>, <strong>recreativo<\/strong>, <strong>gobierno<\/strong>, <strong>empresarial<\/strong> y <strong>universidades<\/strong>.<\/p>\n<p>Manejamos una gran selecci\u00f3n de unidades nuevas de golf y veh\u00edculos utilitarios para satisfacer sus necesidades <strong>(Columbia, Evolution, Club Car, Tomberlin), unidades seminuevas y personalizadas al gusto del cliente (EZGO TXT, EZGO RXV, CLUB CAR)<\/strong>.<\/p>\n<p>Te apoyamos con servicios correctivos y preventivos, refacciones y accesorios para tus unidades, productos relacionados con el campo de golf, as\u00ed como la mejor garant\u00eda de la industria.<\/p>\n<p>Contamos con partes y accesorios originales para todas las marcas <strong>(Columbia, Cushman, Evolution, EZGO, Ruff &amp; Tuff, Club Car, Yamaha, Western Taylor Dunn, Jacobsen, Karrior, Legend, Melex Noland).<\/strong><\/p>\n<p>Contamos con una extensa flotilla para renta y venta de carros nuevos, seminuevos y totalmente renovados <strong>(El\u00e9ctricos y de gasolina)<\/strong>.<\/p>\n<p>Damos servicio de mantenimiento o reparaciones en nuestros talleres, o bien enviamos a nuestros t\u00e9cnicos calificados para brindarle servicio a sus veh\u00edculos en el lugar que lo necesite.<\/p>\n<p>Servicio de entrega a toda la rep\u00fablica.<\/p>\n<p><strong>Distribuidor autorizado marca Club Car en Sonora.<\/strong><\/p>\n<p>[\/et_pb_text][\/et_pb_column][\/et_pb_row][\/et_pb_section]<\/p>\n","protected":false},"excerpt":{"rendered":"<p><div class=\"et_pb_module dsm_gradient_text dsm_gradient_text_0 \">\n\t\t\t\t\n\t\t\t\t\n\t\t\t\t\n\t\t\t\t\n\t\t\t\t<div class=\"et_pb_module_inner\">\n\t\t\t\t\t<h1 class=\"dsm-gradient-text et_pb_module_header\">\"JUNTOS podemos hacer cosas GRANDES\"<\/h1>\n\t\t\t\t<\/div>\n\t\t\t<\/div>En Electrocarros de M\u00e9xico, somos una empresa establecida en M\u00e9xico, dedicada a la comercializaci\u00f3n, distribuci\u00f3n y servicio de veh\u00edculos especializados con oficinas en la ciudad de Tijuana, donde nos respaldan m\u00e1s de 30 a\u00f1os de experiencia. Estamos dirigidos principalmente a un mercado tur\u00edstico, [&hellip;]<\/p>\n","protected":false},"author":1,"featured_media":0,"parent":0,"menu_order":0,"comment_status":"closed","ping_status":"closed","template":"","meta":{"_et_pb_use_builder":"on","_et_pb_old_content":"<!-- wp:divi\/placeholder \/-->","_et_gb_content_width":"","footnotes":""},"class_list":["post-15","page","type-page","status-publish","hentry"],"yoast_head":"<!-- This site is optimized with the Yoast SEO plugin v22.1 - https:\/\/yoast.com\/wordpress\/plugins\/seo\/ -->\n<title>NOSOTROS - Electrocarros de M\u00e9xico<\/title>\n<meta name=\"robots\" content=\"index, follow, max-snippet:-1, max-image-preview:large, max-video-preview:-1\" \/>\n<link rel=\"canonical\" href=\"https:\/\/electrocarrosdemexico.com\/index.php\/historia\/\" \/>\n<meta property=\"og:locale\" content=\"en_US\" \/>\n<meta property=\"og:type\" content=\"article\" \/>\n<meta property=\"og:title\" content=\"NOSOTROS - Electrocarros de M\u00e9xico\" \/>\n<meta property=\"og:description\" content=\"En Electrocarros de M\u00e9xico, somos una empresa establecida en M\u00e9xico, dedicada a la comercializaci\u00f3n, distribuci\u00f3n y servicio de veh\u00edculos especializados con oficinas en la ciudad de Tijuana, donde nos respaldan m\u00e1s de 30 a\u00f1os de experiencia. Estamos dirigidos principalmente a un mercado tur\u00edstico, [&hellip;]\" \/>\n<meta property=\"og:url\" content=\"https:\/\/electrocarrosdemexico.com\/index.php\/historia\/\" \/>\n<meta property=\"og:site_name\" content=\"Electrocarros de M\u00e9xico\" \/>\n<meta property=\"article:publisher\" content=\"https:\/\/www.facebook.com\/profile.php?id=100063831571833\" \/>\n<meta property=\"article:modified_time\" content=\"2022-01-21T20:42:18+00:00\" \/>\n<meta name=\"twitter:card\" content=\"summary_large_image\" \/>\n<meta name=\"twitter:label1\" content=\"Est. reading time\" \/>\n\t<meta name=\"twitter:data1\" content=\"2 minutes\" \/>\n<script type=\"application\/ld+json\" class=\"yoast-schema-graph\">{\"@context\":\"https:\/\/schema.org\",\"@graph\":[{\"@type\":\"WebPage\",\"@id\":\"https:\/\/electrocarrosdemexico.com\/index.php\/historia\/\",\"url\":\"https:\/\/electrocarrosdemexico.com\/index.php\/historia\/\",\"name\":\"NOSOTROS - Electrocarros de M\u00e9xico\",\"isPartOf\":{\"@id\":\"https:\/\/electrocarrosdemexico.com\/#website\"},\"datePublished\":\"2021-12-02T16:46:27+00:00\",\"dateModified\":\"2022-01-21T20:42:18+00:00\",\"breadcrumb\":{\"@id\":\"https:\/\/electrocarrosdemexico.com\/index.php\/historia\/#breadcrumb\"},\"inLanguage\":\"en-US\",\"potentialAction\":[{\"@type\":\"ReadAction\",\"target\":[\"https:\/\/electrocarrosdemexico.com\/index.php\/historia\/\"]}]},{\"@type\":\"BreadcrumbList\",\"@id\":\"https:\/\/electrocarrosdemexico.com\/index.php\/historia\/#breadcrumb\",\"itemListElement\":[{\"@type\":\"ListItem\",\"position\":1,\"name\":\"Home\",\"item\":\"https:\/\/electrocarrosdemexico.com\/\"},{\"@type\":\"ListItem\",\"position\":2,\"name\":\"NOSOTROS\"}]},{\"@type\":\"WebSite\",\"@id\":\"https:\/\/electrocarrosdemexico.com\/#website\",\"url\":\"https:\/\/electrocarrosdemexico.com\/\",\"name\":\"Electrocarros de M\u00e9xico\",\"description\":\"Carritos de Golf para todo tipo de aplicaciones\",\"publisher\":{\"@id\":\"https:\/\/electrocarrosdemexico.com\/#organization\"},\"potentialAction\":[{\"@type\":\"SearchAction\",\"target\":{\"@type\":\"EntryPoint\",\"urlTemplate\":\"https:\/\/electrocarrosdemexico.com\/?s={search_term_string}\"},\"query-input\":\"required name=search_term_string\"}],\"inLanguage\":\"en-US\"},{\"@type\":\"Organization\",\"@id\":\"https:\/\/electrocarrosdemexico.com\/#organization\",\"name\":\"Electrocarros de M\u00e9xico\",\"url\":\"https:\/\/electrocarrosdemexico.com\/\",\"logo\":{\"@type\":\"ImageObject\",\"inLanguage\":\"en-US\",\"@id\":\"https:\/\/electrocarrosdemexico.com\/#\/schema\/logo\/image\/\",\"url\":\"https:\/\/electrocarrosdemexico.com\/wp-content\/uploads\/2021\/12\/LogoElectroCarrosBgr.png\",\"contentUrl\":\"https:\/\/electrocarrosdemexico.com\/wp-content\/uploads\/2021\/12\/LogoElectroCarrosBgr.png\",\"width\":180,\"height\":177,\"caption\":\"Electrocarros de M\u00e9xico\"},\"image\":{\"@id\":\"https:\/\/electrocarrosdemexico.com\/#\/schema\/logo\/image\/\"},\"sameAs\":[\"https:\/\/www.facebook.com\/profile.php?id=100063831571833\",\"https:\/\/www.instagram.com\/electrocarrosdemexico\/\"]}]}<\/script>\n<!-- \/ Yoast SEO plugin. -->","yoast_head_json":{"title":"NOSOTROS - Electrocarros de M\u00e9xico","robots":{"index":"index","follow":"follow","max-snippet":"max-snippet:-1","max-image-preview":"max-image-preview:large","max-video-preview":"max-video-preview:-1"},"canonical":"https:\/\/electrocarrosdemexico.com\/index.php\/historia\/","og_locale":"en_US","og_type":"article","og_title":"NOSOTROS - Electrocarros de M\u00e9xico","og_description":"En Electrocarros de M\u00e9xico, somos una empresa establecida en M\u00e9xico, dedicada a la comercializaci\u00f3n, distribuci\u00f3n y servicio de veh\u00edculos especializados con oficinas en la ciudad de Tijuana, donde nos respaldan m\u00e1s de 30 a\u00f1os de experiencia. Estamos dirigidos principalmente a un mercado tur\u00edstico, [&hellip;]","og_url":"https:\/\/electrocarrosdemexico.com\/index.php\/historia\/","og_site_name":"Electrocarros de M\u00e9xico","article_publisher":"https:\/\/www.facebook.com\/profile.php?id=100063831571833","article_modified_time":"2022-01-21T20:42:18+00:00","twitter_card":"summary_large_image","twitter_misc":{"Est. reading time":"2 minutes"},"schema":{"@context":"https:\/\/schema.org","@graph":[{"@type":"WebPage","@id":"https:\/\/electrocarrosdemexico.com\/index.php\/historia\/","url":"https:\/\/electrocarrosdemexico.com\/index.php\/historia\/","name":"NOSOTROS - Electrocarros de M\u00e9xico","isPartOf":{"@id":"https:\/\/electrocarrosdemexico.com\/#website"},"datePublished":"2021-12-02T16:46:27+00:00","dateModified":"2022-01-21T20:42:18+00:00","breadcrumb":{"@id":"https:\/\/electrocarrosdemexico.com\/index.php\/historia\/#breadcrumb"},"inLanguage":"en-US","potentialAction":[{"@type":"ReadAction","target":["https:\/\/electrocarrosdemexico.com\/index.php\/historia\/"]}]},{"@type":"BreadcrumbList","@id":"https:\/\/electrocarrosdemexico.com\/index.php\/historia\/#breadcrumb","itemListElement":[{"@type":"ListItem","position":1,"name":"Home","item":"https:\/\/electrocarrosdemexico.com\/"},{"@type":"ListItem","position":2,"name":"NOSOTROS"}]},{"@type":"WebSite","@id":"https:\/\/electrocarrosdemexico.com\/#website","url":"https:\/\/electrocarrosdemexico.com\/","name":"Electrocarros de M\u00e9xico","description":"Carritos de Golf para todo tipo de aplicaciones","publisher":{"@id":"https:\/\/electrocarrosdemexico.com\/#organization"},"potentialAction":[{"@type":"SearchAction","target":{"@type":"EntryPoint","urlTemplate":"https:\/\/electrocarrosdemexico.com\/?s={search_term_string}"},"query-input":"required name=search_term_string"}],"inLanguage":"en-US"},{"@type":"Organization","@id":"https:\/\/electrocarrosdemexico.com\/#organization","name":"Electrocarros de M\u00e9xico","url":"https:\/\/electrocarrosdemexico.com\/","logo":{"@type":"ImageObject","inLanguage":"en-US","@id":"https:\/\/electrocarrosdemexico.com\/#\/schema\/logo\/image\/","url":"https:\/\/electrocarrosdemexico.com\/wp-content\/uploads\/2021\/12\/LogoElectroCarrosBgr.png","contentUrl":"https:\/\/electrocarrosdemexico.com\/wp-content\/uploads\/2021\/12\/LogoElectroCarrosBgr.png","width":180,"height":177,"caption":"Electrocarros de M\u00e9xico"},"image":{"@id":"https:\/\/electrocarrosdemexico.com\/#\/schema\/logo\/image\/"},"sameAs":["https:\/\/www.facebook.com\/profile.php?id=100063831571833","https:\/\/www.instagram.com\/electrocarrosdemexico\/"]}]}},"_links":{"self":[{"href":"https:\/\/electrocarrosdemexico.com\/index.php\/wp-json\/wp\/v2\/pages\/15","targetHints":{"allow":["GET"]}}],"collection":[{"href":"https:\/\/electrocarrosdemexico.com\/index.php\/wp-json\/wp\/v2\/pages"}],"about":[{"href":"https:\/\/electrocarrosdemexico.com\/index.php\/wp-json\/wp\/v2\/types\/page"}],"author":[{"embeddable":true,"href":"https:\/\/electrocarrosdemexico.com\/index.php\/wp-json\/wp\/v2\/users\/1"}],"replies":[{"embeddable":true,"href":"https:\/\/electrocarrosdemexico.com\/index.php\/wp-json\/wp\/v2\/comments?post=15"}],"version-history":[{"count":13,"href":"https:\/\/electrocarrosdemexico.com\/index.php\/wp-json\/wp\/v2\/pages\/15\/revisions"}],"predecessor-version":[{"id":1392,"href":"https:\/\/electrocarrosdemexico.com\/index.php\/wp-json\/wp\/v2\/pages\/15\/revisions\/1392"}],"wp:attachment":[{"href":"https:\/\/electrocarrosdemexico.com\/index.php\/wp-json\/wp\/v2\/media?parent=15"}],"curies":[{"name":"wp","href":"https:\/\/api.w.org\/{rel}","templated":true}]}}